{"id":9914,"date":"2024-04-29T14:57:26","date_gmt":"2024-04-29T17:57:26","guid":{"rendered":"https:\/\/yesi.com.ar\/web\/?page_id=9914"},"modified":"2024-10-24T08:31:05","modified_gmt":"2024-10-24T11:31:05","slug":"industrias-profila","status":"publish","type":"page","link":"https:\/\/yesi.com.ar\/web\/industrias-profila\/","title":{"rendered":"Industrias Profila"},"content":{"rendered":"<div class=\"wpb-content-wrapper\"><p>[vc_row gap=\u00bb30&#8243; equal_height=\u00bbyes\u00bb woodmart_css_id=\u00bb6632698257779&#8243; responsive_spacing=\u00bbeyJwYXJhbV90eXBlIjoid29vZG1hcnRfcmVzcG9uc2l2ZV9zcGFjaW5nIiwic2VsZWN0b3JfaWQiOiI2NjMyNjk4MjU3Nzc5Iiwic2hvcnRjb2RlIjoidmNfcm93IiwiZGF0YSI6eyJ0YWJsZXQiOnt9LCJtb2JpbGUiOnt9fX0=\u00bb mobile_bg_img_hidden=\u00bbno\u00bb tablet_bg_img_hidden=\u00bbno\u00bb woodmart_parallax=\u00bb0&#8243; woodmart_gradient_switch=\u00bbno\u00bb woodmart_box_shadow=\u00bbno\u00bb wd_z_index=\u00bbno\u00bb woodmart_disable_overflow=\u00bb0&#8243; row_reverse_mobile=\u00bb0&#8243; row_reverse_tablet=\u00bb0&#8243; el_class=\u00bbpagina-contenido\u00bb][vc_column width=\u00bb1\/4&#8243;]\t\t<div id=\"wd-6634c501b29f0\" class=\"wd-image wd-wpb wd-rs-6634c501b29f0 text-center \">\n\t\t\t\n\t\t\t<img loading=\"lazy\" decoding=\"async\" width=\"600\" height=\"550\" src=\"https:\/\/yesi.com.ar\/web\/wp-content\/uploads\/2024\/05\/img-05.jpg\" class=\"attachment-full size-full\" alt=\"\" srcset=\"https:\/\/yesi.com.ar\/web\/wp-content\/uploads\/2024\/05\/img-05.jpg 600w, https:\/\/yesi.com.ar\/web\/wp-content\/uploads\/2024\/05\/img-05-327x300.jpg 327w, https:\/\/yesi.com.ar\/web\/wp-content\/uploads\/2024\/05\/img-05-430x394.jpg 430w, https:\/\/yesi.com.ar\/web\/wp-content\/uploads\/2024\/05\/img-05-150x138.jpg 150w\" sizes=\"(max-width: 600px) 100vw, 600px\" \/>\n\t\t\t\t\t<\/div>\n\t\t[\/vc_column][vc_column width=\u00bb3\/4&#8243;]\n\t\t<div id=\"wd-663266f1ab8a9\" class=\"title-wrapper wd-wpb set-mb-s reset-last-child  wd-rs-663266f1ab8a9 wd-title-color-default wd-title-style-default text-left  wd-underline-colored\">\n\t\t\t\n\t\t\t<div class=\"liner-continer\">\n\t\t\t\t<h4 class=\"woodmart-title-container title  wd-font-weight-700 wd-fontsize-xxl\" >Calidad<\/h4>\n\t\t\t\t\t\t\t<\/div>\n\t\t\t\n\t\t\t\t\t\t\t<div class=\"title-after_title  set-cont-mb-s reset-last-child  wd-fontsize-s\">Industrias Profila S.A una empresa Argentina dedicada a la producci\u00f3n y comercializaci\u00f3n de art\u00edculos pl\u00e1sticos inyectados, para el bazar y la industria en general. Su decidida y firme apuesta por la calidad en la producci\u00f3n y el servicio constituyen una garant\u00eda expresa en m\u00faltiples sectores y empresas a las que ofrece sus recursos. Los trabajos y compromisos que ejecuta se basan en la eficacia, la calidad y la satisfacci\u00f3n del cliente, avalada por una amplia experiencia y dilatada trayectoria de m\u00e1s de 30 a\u00f1os de servicio. Actualmente mantiene un exitoso posicionamiento a nivel regional y nacional debido al personal id\u00f3neo y la capacidad productiva entre otras que la han proyectado tambi\u00e9n hacia otros pa\u00edses del Mercosur y Latinoam\u00e9rica. La conjunci\u00f3n de trabajo constante e ideas innovadoras lograron que hoy ocupe un lugar destacada dentro de la Industria Argentina.<\/div>\n\t\t\t\n\t\t\t\n\t\t<\/div>\n\t\t\n\t\t[\/vc_column][\/vc_row][vc_row gap=\u00bb30&#8243; equal_height=\u00bbyes\u00bb woodmart_css_id=\u00bb6632698257779&#8243; responsive_spacing=\u00bbeyJwYXJhbV90eXBlIjoid29vZG1hcnRfcmVzcG9uc2l2ZV9zcGFjaW5nIiwic2VsZWN0b3JfaWQiOiI2NjMyNjk4MjU3Nzc5Iiwic2hvcnRjb2RlIjoidmNfcm93IiwiZGF0YSI6eyJ0YWJsZXQiOnt9LCJtb2JpbGUiOnt9fX0=\u00bb mobile_bg_img_hidden=\u00bbno\u00bb tablet_bg_img_hidden=\u00bbno\u00bb woodmart_parallax=\u00bb0&#8243; woodmart_gradient_switch=\u00bbno\u00bb woodmart_box_shadow=\u00bbno\u00bb wd_z_index=\u00bbno\u00bb woodmart_disable_overflow=\u00bb0&#8243; row_reverse_mobile=\u00bb0&#8243; row_reverse_tablet=\u00bb0&#8243; el_class=\u00bbpagina-contenido\u00bb][vc_column width=\u00bb1\/4&#8243;]\t\t<div id=\"wd-6634c522dec18\" class=\"wd-image wd-wpb wd-rs-6634c522dec18 text-center \">\n\t\t\t\n\t\t\t<img loading=\"lazy\" decoding=\"async\" width=\"600\" height=\"712\" src=\"https:\/\/yesi.com.ar\/web\/wp-content\/uploads\/2024\/05\/img-06.jpg\" class=\"attachment-full size-full\" alt=\"\" srcset=\"https:\/\/yesi.com.ar\/web\/wp-content\/uploads\/2024\/05\/img-06.jpg 600w, https:\/\/yesi.com.ar\/web\/wp-content\/uploads\/2024\/05\/img-06-253x300.jpg 253w, https:\/\/yesi.com.ar\/web\/wp-content\/uploads\/2024\/05\/img-06-430x510.jpg 430w, https:\/\/yesi.com.ar\/web\/wp-content\/uploads\/2024\/05\/img-06-150x178.jpg 150w\" sizes=\"(max-width: 600px) 100vw, 600px\" \/>\n\t\t\t\t\t<\/div>\n\t\t[\/vc_column][vc_column width=\u00bb3\/4&#8243;]\n\t\t<div id=\"wd-671a2fa212b63\" class=\"title-wrapper wd-wpb set-mb-s reset-last-child  wd-rs-671a2fa212b63 wd-title-color-default wd-title-style-default text-left  wd-underline-colored\">\n\t\t\t\n\t\t\t<div class=\"liner-continer\">\n\t\t\t\t<h4 class=\"woodmart-title-container title  wd-font-weight-700 wd-fontsize-xxl\" >Rendimiento<\/h4>\n\t\t\t\t\t\t\t<\/div>\n\t\t\t\n\t\t\t\t\t\t\t<div class=\"title-after_title  set-cont-mb-s reset-last-child  wd-fontsize-s\">La planta cuenta con una superficie de 10.000 m2 y una superficie cubierta de 6.000 m2, donde funcionan las Oficinas Comerciales, el Departamento de Dise\u00f1o, Ingenier\u00eda y Desarrollo, el Departamento de Producci\u00f3n y los Dep\u00f3sitos de Almacenamiento de Productos Terminados e Insumos, con sistema de ubicaci\u00f3n computarizada.<br \/>\nLa capacidad instalada de innovadoras inyectoras para amplio rango de producci\u00f3n sumado a la reciente incorporaci\u00f3n de nuevos equipos de alta tecnolog\u00eda y automatizaci\u00f3n le permite superar diariamente los est\u00e1ndares productivos de Nivel Internacional.<br \/>\nCon este accionar e inmejorable perspectiva a futuro, le posibilita el abastecimiento de la demanda tanto de Clientes actuales como potenciales.<\/div>\n\t\t\t\n\t\t\t\n\t\t<\/div>\n\t\t\n\t\t[\/vc_column][\/vc_row][vc_row gap=\u00bb30&#8243; equal_height=\u00bbyes\u00bb woodmart_css_id=\u00bb6632698257779&#8243; responsive_spacing=\u00bbeyJwYXJhbV90eXBlIjoid29vZG1hcnRfcmVzcG9uc2l2ZV9zcGFjaW5nIiwic2VsZWN0b3JfaWQiOiI2NjMyNjk4MjU3Nzc5Iiwic2hvcnRjb2RlIjoidmNfcm93IiwiZGF0YSI6eyJ0YWJsZXQiOnt9LCJtb2JpbGUiOnt9fX0=\u00bb mobile_bg_img_hidden=\u00bbno\u00bb tablet_bg_img_hidden=\u00bbno\u00bb woodmart_parallax=\u00bb0&#8243; woodmart_gradient_switch=\u00bbno\u00bb woodmart_box_shadow=\u00bbno\u00bb wd_z_index=\u00bbno\u00bb woodmart_disable_overflow=\u00bb0&#8243; row_reverse_mobile=\u00bb0&#8243; row_reverse_tablet=\u00bb0&#8243; el_class=\u00bbpagina-contenido\u00bb][vc_column width=\u00bb1\/4&#8243;]\t\t<div id=\"wd-6634c6726aa5e\" class=\"wd-image wd-wpb wd-rs-6634c6726aa5e text-center \">\n\t\t\t\n\t\t\t<img loading=\"lazy\" decoding=\"async\" width=\"600\" height=\"550\" src=\"https:\/\/yesi.com.ar\/web\/wp-content\/uploads\/2024\/05\/img-07.jpg\" class=\"attachment-full size-full\" alt=\"\" srcset=\"https:\/\/yesi.com.ar\/web\/wp-content\/uploads\/2024\/05\/img-07.jpg 600w, https:\/\/yesi.com.ar\/web\/wp-content\/uploads\/2024\/05\/img-07-327x300.jpg 327w, https:\/\/yesi.com.ar\/web\/wp-content\/uploads\/2024\/05\/img-07-430x394.jpg 430w, https:\/\/yesi.com.ar\/web\/wp-content\/uploads\/2024\/05\/img-07-150x138.jpg 150w\" sizes=\"(max-width: 600px) 100vw, 600px\" \/>\n\t\t\t\t\t<\/div>\n\t\t[\/vc_column][vc_column width=\u00bb3\/4&#8243;]\n\t\t<div id=\"wd-6632695714ebd\" class=\"title-wrapper wd-wpb set-mb-s reset-last-child  wd-rs-6632695714ebd wd-title-color-default wd-title-style-default text-left  wd-underline-colored\">\n\t\t\t\n\t\t\t<div class=\"liner-continer\">\n\t\t\t\t<h4 class=\"woodmart-title-container title  wd-font-weight-700 wd-fontsize-xxl\" >Proyectos a medida<\/h4>\n\t\t\t\t\t\t\t<\/div>\n\t\t\t\n\t\t\t\t\t\t\t<div class=\"title-after_title  set-cont-mb-s reset-last-child  wd-fontsize-s\">La empresa posee un Departamento de Ingenier\u00eda y Desarrollo que le permite producir sus propios moldes ofreciendo el servicio de fabricaci\u00f3n de termopl\u00e1sticos a pedido para toda la industria, como la autopartista, agropecuaria, de la construcci\u00f3n, etc.<br \/>\nActualmente, gracias a la calidad de los productos y el prestigio de su imagen teniendo en cuenta la participaci\u00f3n en el mercado interno, la empresa es l\u00edder en todos los rubros que fabrica y comercializa.<br \/>\nIndustrias Profila S.A. exporta gran parte de su producci\u00f3n, habiendo experimentado en la \u00faltima d\u00e9cada un crecimiento constante y sostenido a nivel nacional como internacional.<\/div>\n\t\t\t\n\t\t\t\n\t\t<\/div>\n\t\t\n\t\t[\/vc_column][\/vc_row][vc_row][vc_column][vc_empty_space height=\u00bb70px\u00bb woodmart_hide_large=\u00bb0&#8243; woodmart_hide_medium=\u00bb0&#8243; woodmart_hide_small=\u00bb0&#8243;][\/vc_column][\/vc_row][vc_row gap=\u00bb20&#8243; equal_height=\u00bbyes\u00bb woodmart_css_id=\u00bb66326f9cee81b\u00bb responsive_spacing=\u00bbeyJwYXJhbV90eXBlIjoid29vZG1hcnRfcmVzcG9uc2l2ZV9zcGFjaW5nIiwic2VsZWN0b3JfaWQiOiI2NjMyNmY5Y2VlODFiIiwic2hvcnRjb2RlIjoidmNfcm93IiwiZGF0YSI6eyJ0YWJsZXQiOnt9LCJtb2JpbGUiOnt9fX0=\u00bb mobile_bg_img_hidden=\u00bbno\u00bb tablet_bg_img_hidden=\u00bbno\u00bb woodmart_parallax=\u00bb0&#8243; woodmart_gradient_switch=\u00bbno\u00bb woodmart_box_shadow=\u00bbno\u00bb wd_z_index=\u00bbno\u00bb woodmart_disable_overflow=\u00bb0&#8243; row_reverse_mobile=\u00bb0&#8243; row_reverse_tablet=\u00bb0&#8243;][vc_column width=\u00bb1\/4&#8243;]\t\t<div id=\"wd-663271708980d\" class=\"wd-image wd-wpb wd-rs-663271708980d text-center \">\n\t\t\t\n\t\t\t<img loading=\"lazy\" decoding=\"async\" width=\"128\" height=\"128\" src=\"https:\/\/yesi.com.ar\/web\/wp-content\/uploads\/2024\/05\/001-industrial.png\" class=\"attachment-full size-full\" alt=\"\" \/>\n\t\t\t\t\t<\/div>\n\t\t\n\t\t<div id=\"wd-663271b79b440\" class=\"title-wrapper wd-wpb set-mb-s reset-last-child  wd-rs-663271b79b440 wd-title-color-default wd-title-style-default text-center  wd-underline-colored\">\n\t\t\t\n\t\t\t<div class=\"liner-continer\">\n\t\t\t\t<h4 class=\"woodmart-title-container title  wd-font-weight-700 wd-fontsize-xl\" >Una industria para INDUSTRIAS<\/h4>\n\t\t\t\t\t\t\t<\/div>\n\t\t\t\n\t\t\t\t\t\t\t<div class=\"title-after_title  set-cont-mb-s reset-last-child  wd-fontsize-s\">La empresa viene desarrollando una amplia gama de productos de su l\u00ednea bazar, bajo la marca Yesi contando en su haber mas de 250 piezas de buen gusto y excelente calidad, cada una de ellas creadas en funci\u00f3n del uso y las tendencias actuales. Durante todo su accionar, Industrias Profila S.A junto a su marca propia reescribi\u00f3 la historia del pl\u00e1stico en la Ciudad de Rosario, transformando audazmente la vida y las costumbres de uso de la gente.<\/div>\n\t\t\t\n\t\t\t\n\t\t<\/div>\n\t\t\n\t\t[\/vc_column][vc_column width=\u00bb1\/4&#8243;]\t\t<div id=\"wd-663271e8aed6c\" class=\"wd-image wd-wpb wd-rs-663271e8aed6c text-center \">\n\t\t\t\n\t\t\t<img loading=\"lazy\" decoding=\"async\" width=\"128\" height=\"128\" src=\"https:\/\/yesi.com.ar\/web\/wp-content\/uploads\/2024\/05\/002-quality-control.png\" class=\"attachment-full size-full\" alt=\"\" \/>\n\t\t\t\t\t<\/div>\n\t\t\n\t\t<div id=\"wd-663271d54db5c\" class=\"title-wrapper wd-wpb set-mb-s reset-last-child  wd-rs-663271d54db5c wd-title-color-default wd-title-style-default text-center  wd-underline-colored\">\n\t\t\t\n\t\t\t<div class=\"liner-continer\">\n\t\t\t\t<h4 class=\"woodmart-title-container title  wd-font-weight-700 wd-fontsize-xl\" >Certificaci\u00f3n ISO 9001<\/h4>\n\t\t\t\t\t\t\t<\/div>\n\t\t\t\n\t\t\t\t\t\t\t<div class=\"title-after_title  set-cont-mb-s reset-last-child  wd-fontsize-s\">Industrias Profila S.A. ha recibido desde el a\u00f1o 2011, la Certificaci\u00f3n en Dise\u00f1o, Fabricaci\u00f3n y Comercializaci\u00f3n de sus productos bajo la norma ISO 9001, otorgada por la empresa Bureau Veritas, l\u00edder en sistemas de calidad.<\/div>\n\t\t\t\n\t\t\t\n\t\t<\/div>\n\t\t\n\t\t[\/vc_column][vc_column width=\u00bb1\/4&#8243;]\t\t<div id=\"wd-663271fc520c4\" class=\"wd-image wd-wpb wd-rs-663271fc520c4 text-center \">\n\t\t\t\n\t\t\t<img loading=\"lazy\" decoding=\"async\" width=\"128\" height=\"128\" src=\"https:\/\/yesi.com.ar\/web\/wp-content\/uploads\/2024\/05\/003-strategic-plan.png\" class=\"attachment-full size-full\" alt=\"\" \/>\n\t\t\t\t\t<\/div>\n\t\t\n\t\t<div id=\"wd-663271d97f61f\" class=\"title-wrapper wd-wpb set-mb-s reset-last-child  wd-rs-663271d97f61f wd-title-color-default wd-title-style-default text-center  wd-underline-colored\">\n\t\t\t\n\t\t\t<div class=\"liner-continer\">\n\t\t\t\t<h4 class=\"woodmart-title-container title  wd-font-weight-700 wd-fontsize-xl\" >Futuro<\/h4>\n\t\t\t\t\t\t\t<\/div>\n\t\t\t\n\t\t\t\t\t\t\t<div class=\"title-after_title  set-cont-mb-s reset-last-child  wd-fontsize-s\">Se proyecta pujante, con objetivos y metas claras, destinando esfuerzos y recursos en forma permanente para alcanzar la excelencia en todos y cada uno de los sectores que componen la organizaci\u00f3n, con el fin de lograr un nivel de calidad \u00f3ptimo y de satisfacer al m\u00e1ximo las exigencias de sus clientes.<\/div>\n\t\t\t\n\t\t\t\n\t\t<\/div>\n\t\t\n\t\t[\/vc_column][vc_column width=\u00bb1\/4&#8243;]\t\t<div id=\"wd-6632720a3e15b\" class=\"wd-image wd-wpb wd-rs-6632720a3e15b text-center \">\n\t\t\t\n\t\t\t<img loading=\"lazy\" decoding=\"async\" width=\"128\" height=\"128\" src=\"https:\/\/yesi.com.ar\/web\/wp-content\/uploads\/2024\/05\/004-south-america.png\" class=\"attachment-full size-full\" alt=\"\" \/>\n\t\t\t\t\t<\/div>\n\t\t\n\t\t<div id=\"wd-663271de9a4d4\" class=\"title-wrapper wd-wpb set-mb-s reset-last-child  wd-rs-663271de9a4d4 wd-title-color-default wd-title-style-default text-center  wd-underline-colored\">\n\t\t\t\n\t\t\t<div class=\"liner-continer\">\n\t\t\t\t<h4 class=\"woodmart-title-container title  wd-font-weight-700 wd-fontsize-xl\" >Ubicaci\u00f3n estrat\u00e9gica en el MERCOSUR<\/h4>\n\t\t\t\t\t\t\t<\/div>\n\t\t\t\n\t\t\t\t\t\t\t<div class=\"title-after_title  set-cont-mb-s reset-last-child  wd-fontsize-s\">Planta ubicada en el centro estrat\u00e9gico del Mercosur. La Ciudad de Rosario es el eje del corredor bioce\u00e1nico que une a la Argentina con Brasil, Chile y Uruguay.<\/div>\n\t\t\t\n\t\t\t\n\t\t<\/div>\n\t\t\n\t\t[\/vc_column][\/vc_row][vc_row][vc_column][vc_empty_space height=\u00bb20px\u00bb woodmart_hide_large=\u00bb0&#8243; woodmart_hide_medium=\u00bb0&#8243; woodmart_hide_small=\u00bb0&#8243;][\/vc_column][\/vc_row][vc_row woodmart_css_id=\u00bb66326cc3c6dc2&#8243; responsive_spacing=\u00bbeyJwYXJhbV90eXBlIjoid29vZG1hcnRfcmVzcG9uc2l2ZV9zcGFjaW5nIiwic2VsZWN0b3JfaWQiOiI2NjMyNmNjM2M2ZGMyIiwic2hvcnRjb2RlIjoidmNfcm93IiwiZGF0YSI6eyJ0YWJsZXQiOnt9LCJtb2JpbGUiOnt9fX0=\u00bb mobile_bg_img_hidden=\u00bbno\u00bb tablet_bg_img_hidden=\u00bbno\u00bb woodmart_parallax=\u00bb0&#8243; woodmart_gradient_switch=\u00bbno\u00bb woodmart_box_shadow=\u00bbno\u00bb wd_z_index=\u00bbno\u00bb woodmart_disable_overflow=\u00bb0&#8243; row_reverse_mobile=\u00bb0&#8243; row_reverse_tablet=\u00bb0&#8243; css=\u00bb.vc_custom_1714580599055{background-position: 0 0 !important;background-repeat: no-repeat !important;}\u00bb][vc_column]<style data-type=\"vc_shortcodes-custom-css\">.vc_custom_1695094778436{margin-bottom: -30px !important;}.vc_custom_1770043018788{background-position: center !important;background-repeat: no-repeat !important;background-size: cover !important;}#wd-6980b69cb1a3d .info-box-inner{line-height:28px;font-size:18px;}<\/style><p>[vc_row woodmart_stretch_content=\"section-stretch-content-no-pd\" woodmart_css_id=\"650917e913606\" responsive_spacing=\"eyJwYXJhbV90eXBlIjoid29vZG1hcnRfcmVzcG9uc2l2ZV9zcGFjaW5nIiwic2VsZWN0b3JfaWQiOiI2NTA5MTdlOTEzNjA2Iiwic2hvcnRjb2RlIjoidmNfcm93IiwiZGF0YSI6eyJ0YWJsZXQiOnt9LCJtb2JpbGUiOnt9fX0=\" mobile_bg_img_hidden=\"no\" tablet_bg_img_hidden=\"no\" woodmart_parallax=\"0\" woodmart_gradient_switch=\"no\" woodmart_box_shadow=\"no\" wd_z_index=\"no\" woodmart_disable_overflow=\"0\" row_reverse_mobile=\"0\" row_reverse_tablet=\"0\" css=\".vc_custom_1695094778436{margin-bottom: -30px !important;}\"][vc_column]\t\t\t<div class=\"info-box-wrapper\">\n\t\t\t\t<div id=\"wd-6980b69cb1a3d\" class=\" wd-rs-6980b69cb1a3d wd-info-box wd-wpb text-center box-icon-align-top box-style- color-scheme-dark wd-bg-none wd-off-anim wpb_animate_when_almost_visible wpb_bounceIn bounceIn wd-anim-name_bounceIn instagram vc_custom_1770043018788\">\n\t\t\t\t\t\t\t\t\t\t\t<div class=\"box-icon-wrapper  box-with-icon box-icon-simple\">\n\t\t\t\t\t\t\t<div class=\"info-box-icon\">\n\n\t\t\t\t\t\t\t\n\t\t\t\t\t\t\t\t\t\t\t\t\t\t\t\t\t<img loading=\"lazy\" decoding=\"async\" width=\"40\" height=\"40\" src=\"https:\/\/yesi.com.ar\/web\/wp-content\/uploads\/2023\/12\/instagram.png\" class=\"attachment-40x40 size-40x40\" alt=\"\" \/>\t\t\t\t\t\t\t\t\t\t\t\t\t\t\t\n\t\t\t\t\t\t\t<\/div>\n\t\t\t\t\t\t<\/div>\n\t\t\t\t\t\t\t\t\t\t<div class=\"info-box-content\">\n\t\t\t\t\t\t<div class=\"info-box-subtitle subtitle-color-default wd-fontsize-xs subtitle-style-default\">Seguinos en Instagram<\/div><h4 class=\"info-box-title title box-title-style-default wd-fontsize-m\">@productosyesi<\/h4>\t\t\t\t\t\t<div class=\"info-box-inner set-cont-mb-s reset-last-child\"><\/div>\n\n\t\t\t\t\t\t\t\t\t\t\t<\/div>\n\n\t\t\t\t\t\t\t\t\t\t\t<a class=\"wd-info-box-link wd-fill\" aria-label=\"Infobox link\" href=\"https:\/\/www.instagram.com\/productosyesi\/\" title=\"\" target=\"_blank\"><\/a>\n\t\t\t\t\t\n\t\t\t\t\t\t\t\t\t<\/div>\n\t\t\t<\/div>\n\t\t\n            <div \n                class=\"elfsight-widget-instagram-feed elfsight-widget\" \n                data-elfsight-instagram-feed-options=\"%7B%22sourceType%22%3A%22personalAccount%22%2C%22apiChangesMessage%22%3Anull%2C%22source%22%3A%5B%5D%2C%22personalAccessToken%22%3A%22294b366d-a9e2-49d9-bf13-13c7bfb279ba%22%2C%22businessAccessToken%22%3A%22%22%2C%22businessAccount%22%3Anull%2C%22businessHashtag%22%3A%22%23eiffeltower%22%2C%22filterOnly%22%3A%5B%5D%2C%22filterExcept%22%3A%5B%5D%2C%22limit%22%3A0%2C%22order%22%3A%22date%22%2C%22layout%22%3A%22slider%22%2C%22postTemplate%22%3A%22tile%22%2C%22columns%22%3A8%2C%22rows%22%3A1%2C%22gutter%22%3A6%2C%22responsive%22%3A%5B%7B%22minWidth%22%3A375%2C%22columns%22%3A1%2C%22rows%22%3A1%2C%22gutter%22%3A%220%22%7D%2C%7B%22minWidth%22%3A768%2C%22columns%22%3A3%2C%22rows%22%3A2%2C%22gutter%22%3A%220%22%7D%5D%2C%22width%22%3A%22auto%22%2C%22callToActionButtons%22%3A%5B%7B%22postUrl%22%3A%22https%3A%5C%2F%5C%2Fwww.instagram.com%5C%2Fp%5C%2FBmr7eH0nyxQ%5C%2F%22%2C%22buttonLabel%22%3A%22Install%20Instagram%20Feed%20now%22%2C%22buttonLink%22%3A%22https%3A%5C%2F%5C%2Felfsight.com%5C%2Finstagram-feed-instashow%5C%2F%22%7D%2C%7B%22postUrl%22%3A%22https%3A%5C%2F%5C%2Fwww.instagram.com%5C%2Fp%5C%2FBmgZy5FnnQB%5C%2F%22%2C%22buttonLabel%22%3A%22Install%20Instagram%20Feed%20now%22%2C%22buttonLink%22%3A%22https%3A%5C%2F%5C%2Felfsight.com%5C%2Finstagram-feed-instashow%5C%2F%22%7D%2C%7B%22postUrl%22%3A%22https%3A%5C%2F%5C%2Fwww.instagram.com%5C%2Fp%5C%2FBmbbCfBndRU%5C%2F%22%2C%22buttonLabel%22%3A%22Install%20Instagram%20Feed%20now%22%2C%22buttonLink%22%3A%22https%3A%5C%2F%5C%2Felfsight.com%5C%2Finstagram-feed-instashow%5C%2F%22%7D%5D%2C%22postElements%22%3A%5B%22user%22%2C%22date%22%2C%22instagramLink%22%2C%22likesCount%22%2C%22commentsCount%22%2C%22share%22%2C%22text%22%5D%2C%22popupElements%22%3A%5B%22user%22%2C%22location%22%2C%22followButton%22%2C%22instagramLink%22%2C%22likesCount%22%2C%22share%22%2C%22text%22%2C%22comments%22%2C%22date%22%5D%2C%22imageClickAction%22%3A%22popup%22%2C%22sliderArrows%22%3Atrue%2C%22sliderDrag%22%3Atrue%2C%22sliderSpeed%22%3A0.6%2C%22sliderAutoplay%22%3A%22%22%2C%22colorScheme%22%3A%22light%22%2C%22colorPostOverlayBg%22%3A%22rgba%28237%2C%20237%2C%20237%2C%200.9%29%22%2C%22colorPostOverlayText%22%3A%22rgb%280%2C%200%2C%200%29%22%2C%22colorPostBg%22%3A%22rgb%28237%2C%20237%2C%20237%29%22%2C%22colorPostText%22%3A%22rgb%280%2C%200%2C%200%29%22%2C%22colorPostLinks%22%3A%22rgb%280%2C%200%2C%200%29%22%2C%22colorSliderArrows%22%3A%22rgb%280%2C%20156%2C%20255%29%22%2C%22colorSliderArrowsBg%22%3A%22rgb%28255%2C%20255%2C%20255%29%22%2C%22colorGridLoadMoreButton%22%3A%22%22%2C%22colorPopupOverlay%22%3A%22rgba%28228%2C%20228%2C%20228%2C%200.9%29%22%2C%22colorPopupBg%22%3A%22rgb%28255%2C%20255%2C%20255%29%22%2C%22colorPopupText%22%3A%22rgb%2868%2C%2068%2C%2068%29%22%2C%22colorPopupLinks%22%3A%22rgb%280%2C%20156%2C%20255%29%22%2C%22colorPopupFollowButton%22%3A%22rgb%280%2C%20156%2C%20255%29%22%2C%22colorPopupCtaButton%22%3A%22rgb%280%2C%20156%2C%20255%29%22%2C%22widgetTitle%22%3A%22%22%2C%22lang%22%3A%22es%22%2C%22apiUrl%22%3A%22https%3A%5C%2F%5C%2Fyesi.com.ar%5C%2Fweb%5C%2Fwp-json%5C%2Felfsight-instagram-feed%5C%2Fapi%22%2C%22apiProxyUrl%22%3A%22https%3A%5C%2F%5C%2Fyesi.com.ar%5C%2Fweb%5C%2Fwp-json%5C%2Felfsight-instagram-feed%22%2C%22widgetId%22%3A%221%22%7D\" \n                data-elfsight-instagram-feed-version=\"4.0.2\"\n                data-elfsight-widget-id=\"elfsight-instagram-feed-1\">\n            <\/div>\n            [\/vc_column][\/vc_row]<\/p>\n[\/vc_column][\/vc_row]<\/p>\n<\/div>","protected":false},"excerpt":{"rendered":"<p>[vc_row gap=\u00bb30&#8243; equal_height=\u00bbyes\u00bb woodmart_css_id=\u00bb6632698257779&#8243; responsive_spacing=\u00bbeyJwYXJhbV90eXBlIjoid29vZG1hcnRfcmVzcG9uc2l2ZV9zcGFjaW5nIiwic2VsZWN0b3JfaWQiOiI2NjMyNjk4MjU3Nzc5Iiwic2hvcnRjb2RlIjoidmNfcm93IiwiZGF0YSI6eyJ0YWJsZXQiOnt9LCJtb2JpbGUiOnt9fX0=\u00bb mobile_bg_img_hidden=\u00bbno\u00bb tablet_bg_img_hidden=\u00bbno\u00bb woodmart_parallax=\u00bb0&#8243; woodmart_gradient_switch=\u00bbno\u00bb woodmart_box_shadow=\u00bbno\u00bb wd_z_index=\u00bbno\u00bb woodmart_disable_overflow=\u00bb0&#8243; row_reverse_mobile=\u00bb0&#8243; row_reverse_tablet=\u00bb0&#8243; el_class=\u00bbpagina-contenido\u00bb][vc_column width=\u00bb1\/4&#8243;][\/vc_column][vc_column width=\u00bb3\/4&#8243;][\/vc_column][\/vc_row][vc_row gap=\u00bb30&#8243; equal_height=\u00bbyes\u00bb woodmart_css_id=\u00bb6632698257779&#8243;<\/p>\n","protected":false},"author":2,"featured_media":0,"parent":0,"menu_order":0,"comment_status":"closed","ping_status":"closed","template":"","meta":{"footnotes":""},"class_list":["post-9914","page","type-page","status-publish","hentry"],"_links":{"self":[{"href":"https:\/\/yesi.com.ar\/web\/wp-json\/wp\/v2\/pages\/9914"}],"collection":[{"href":"https:\/\/yesi.com.ar\/web\/wp-json\/wp\/v2\/pages"}],"about":[{"href":"https:\/\/yesi.com.ar\/web\/wp-json\/wp\/v2\/types\/page"}],"author":[{"embeddable":true,"href":"https:\/\/yesi.com.ar\/web\/wp-json\/wp\/v2\/users\/2"}],"replies":[{"embeddable":true,"href":"https:\/\/yesi.com.ar\/web\/wp-json\/wp\/v2\/comments?post=9914"}],"version-history":[{"count":1,"href":"https:\/\/yesi.com.ar\/web\/wp-json\/wp\/v2\/pages\/9914\/revisions"}],"predecessor-version":[{"id":10586,"href":"https:\/\/yesi.com.ar\/web\/wp-json\/wp\/v2\/pages\/9914\/revisions\/10586"}],"wp:attachment":[{"href":"https:\/\/yesi.com.ar\/web\/wp-json\/wp\/v2\/media?parent=9914"}],"curies":[{"name":"wp","href":"https:\/\/api.w.org\/{rel}","templated":true}]}}