{"id":7102,"date":"2022-01-27T15:54:08","date_gmt":"2022-01-27T18:54:08","guid":{"rendered":"https:\/\/yesi.com.ar\/web\/?page_id=7102"},"modified":"2024-05-02T16:26:29","modified_gmt":"2024-05-02T19:26:29","slug":"nuestra-marca","status":"publish","type":"page","link":"https:\/\/yesi.com.ar\/web\/nuestra-marca\/","title":{"rendered":"Nuestra Marca"},"content":{"rendered":"<div class=\"wpb-content-wrapper\"><p>[vc_row gap=\u00bb30&#8243; equal_height=\u00bbyes\u00bb content_placement=\u00bbmiddle\u00bb woodmart_css_id=\u00bb658087a91499c\u00bb responsive_spacing=\u00bbeyJwYXJhbV90eXBlIjoid29vZG1hcnRfcmVzcG9uc2l2ZV9zcGFjaW5nIiwic2VsZWN0b3JfaWQiOiI2NTgwODdhOTE0OTljIiwic2hvcnRjb2RlIjoidmNfcm93IiwiZGF0YSI6eyJ0YWJsZXQiOnt9LCJtb2JpbGUiOnt9fX0=\u00bb mobile_bg_img_hidden=\u00bbno\u00bb tablet_bg_img_hidden=\u00bbno\u00bb woodmart_parallax=\u00bb0&#8243; woodmart_gradient_switch=\u00bbno\u00bb woodmart_box_shadow=\u00bbno\u00bb wd_z_index=\u00bbno\u00bb woodmart_disable_overflow=\u00bb0&#8243; row_reverse_mobile=\u00bb0&#8243; row_reverse_tablet=\u00bb0&#8243; el_class=\u00bbpagina-contenido\u00bb][vc_column width=\u00bb1\/2&#8243;]\t\t<div id=\"wd-6633e50cc1193\" class=\"wd-image wd-wpb wd-rs-6633e50cc1193 text-center \">\n\t\t\t\n\t\t\t<img loading=\"lazy\" decoding=\"async\" width=\"639\" height=\"566\" src=\"https:\/\/yesi.com.ar\/web\/wp-content\/uploads\/2024\/05\/img-yesi.jpg\" class=\"attachment-full size-full\" alt=\"\" srcset=\"https:\/\/yesi.com.ar\/web\/wp-content\/uploads\/2024\/05\/img-yesi.jpg 639w, https:\/\/yesi.com.ar\/web\/wp-content\/uploads\/2024\/05\/img-yesi-339x300.jpg 339w, https:\/\/yesi.com.ar\/web\/wp-content\/uploads\/2024\/05\/img-yesi-430x381.jpg 430w, https:\/\/yesi.com.ar\/web\/wp-content\/uploads\/2024\/05\/img-yesi-150x133.jpg 150w\" sizes=\"(max-width: 639px) 100vw, 639px\" \/>\n\t\t\t\t\t<\/div>\n\t\t[\/vc_column][vc_column width=\u00bb1\/2&#8243;]\n\t\t<div id=\"wd-662fe1dc8a6f9\" class=\"title-wrapper wd-wpb set-mb-s reset-last-child  wd-rs-662fe1dc8a6f9 wd-title-color-default wd-title-style-default text-left  wd-underline-colored\">\n\t\t\t\n\t\t\t<div class=\"liner-continer\">\n\t\t\t\t<h4 class=\"woodmart-title-container title  wd-font-weight-700 wd-fontsize-xxl\" >30 a\u00f1os produciendo calidad<\/h4>\n\t\t\t\t\t\t\t<\/div>\n\t\t\t\n\t\t\t\t\t\t\t<div class=\"title-after_title  set-cont-mb-s reset-last-child  wd-fontsize-s\">Somos una empresa netamente argentina, con a\u00f1os de experiencia en ventas de productos pl\u00e1sticos para el hogar desde 1985, y con un exitoso posicionamiento a nivel regional, nacional e internacional, que logramos gracias a la conjunci\u00f3n de un trabajo constante e ideas innovadoras.<\/div>\n\t\t\t\n\t\t\t\n\t\t<\/div>\n\t\t\n\t\t[vc_separator align=\u00bbalign_left\u00bb el_width=\u00bb50&#8243; css=\u00bb\u00bb wd_hide_on_desktop=\u00bbno\u00bb wd_hide_on_tablet=\u00bbno\u00bb wd_hide_on_mobile=\u00bbno\u00bb]\n\t\t<div id=\"wd-662fe2b1d0090\" class=\"title-wrapper wd-wpb set-mb-s reset-last-child  wd-rs-662fe2b1d0090 wd-title-color-default wd-title-style-default text-left  wd-underline-colored\">\n\t\t\t\n\t\t\t<div class=\"liner-continer\">\n\t\t\t\t<h4 class=\"woodmart-title-container title  wd-font-weight-700 wd-fontsize-xxl\" >Los colores de la vida<\/h4>\n\t\t\t\t\t\t\t<\/div>\n\t\t\t\n\t\t\t\t\t\t\t<div class=\"title-after_title  set-cont-mb-s reset-last-child  wd-fontsize-s\">Nuestra marca Yesi es l\u00edder en el mercado de art\u00edculos de dise\u00f1o, de colores atractivos y modelos novedosos, pensados y desarrollados cuidadosamente para acompa\u00f1ar la vida cotidiana de las personas. Nos apasiona trabajar en los detalles, poner en marcha nuevos conceptos y evolucionar permanentemente con ideas innovadoras.<\/div>\n\t\t\t\n\t\t\t\n\t\t<\/div>\n\t\t\n\t\t[vc_separator align=\u00bbalign_left\u00bb el_width=\u00bb50&#8243; css=\u00bb\u00bb wd_hide_on_desktop=\u00bbno\u00bb wd_hide_on_tablet=\u00bbno\u00bb wd_hide_on_mobile=\u00bbno\u00bb]<div id=\"wd-61f2efcf23ca0\" class=\" wd-rs-61f2efcf23ca0  wd-button-wrapper text-left\"><a href=\"https:\/\/yesi.com.ar\/web\/contacto\/\" title=\"Contacto\" class=\"btn btn-color-alt btn-style-default btn-style-round btn-size-large btn-icon-pos-left\">CONTACTANOS<span class=\"wd-btn-icon\"><span class=\"wd-icon fas fa-arrow-right\"><\/span><\/span><\/a><\/div>[\/vc_column][\/vc_row][vc_row][vc_column][vc_empty_space height=\u00bb40px\u00bb woodmart_hide_large=\u00bb0&#8243; woodmart_hide_medium=\u00bb0&#8243; woodmart_hide_small=\u00bb0&#8243;][\/vc_column][\/vc_row][vc_row el_class=\u00bbpagina-contenido\u00bb woodmart_css_id=\u00bb6633e2b28f7bd\u00bb responsive_spacing=\u00bbeyJwYXJhbV90eXBlIjoid29vZG1hcnRfcmVzcG9uc2l2ZV9zcGFjaW5nIiwic2VsZWN0b3JfaWQiOiI2NjMzZTJiMjhmN2JkIiwic2hvcnRjb2RlIjoidmNfcm93IiwiZGF0YSI6eyJ0YWJsZXQiOnt9LCJtb2JpbGUiOnt9fX0=\u00bb mobile_bg_img_hidden=\u00bbno\u00bb tablet_bg_img_hidden=\u00bbno\u00bb woodmart_parallax=\u00bb0&#8243; woodmart_gradient_switch=\u00bbno\u00bb woodmart_box_shadow=\u00bbno\u00bb wd_z_index=\u00bbno\u00bb woodmart_disable_overflow=\u00bb0&#8243; row_reverse_mobile=\u00bb0&#8243; row_reverse_tablet=\u00bb0&#8243;][vc_column width=\u00bb1\/4&#8243;]\t\t<div id=\"wd-6633e8911b66b\" class=\"wd-image wd-wpb wd-rs-6633e8911b66b text-center \">\n\t\t\t\n\t\t\t<img loading=\"lazy\" decoding=\"async\" width=\"600\" height=\"450\" src=\"https:\/\/yesi.com.ar\/web\/wp-content\/uploads\/2024\/05\/img-04.jpg\" class=\"attachment-full size-full\" alt=\"\" srcset=\"https:\/\/yesi.com.ar\/web\/wp-content\/uploads\/2024\/05\/img-04.jpg 600w, https:\/\/yesi.com.ar\/web\/wp-content\/uploads\/2024\/05\/img-04-400x300.jpg 400w, https:\/\/yesi.com.ar\/web\/wp-content\/uploads\/2024\/05\/img-04-430x323.jpg 430w, https:\/\/yesi.com.ar\/web\/wp-content\/uploads\/2024\/05\/img-04-150x113.jpg 150w\" sizes=\"(max-width: 600px) 100vw, 600px\" \/>\n\t\t\t\t\t<\/div>\n\t\t[\/vc_column][vc_column width=\u00bb1\/4&#8243;]\t\t<div id=\"wd-6633e5703b5f2\" class=\"wd-image wd-wpb wd-rs-6633e5703b5f2 text-center \">\n\t\t\t\n\t\t\t<img loading=\"lazy\" decoding=\"async\" width=\"600\" height=\"450\" src=\"https:\/\/yesi.com.ar\/web\/wp-content\/uploads\/2024\/05\/img-01.jpg\" class=\"attachment-full size-full\" alt=\"\" srcset=\"https:\/\/yesi.com.ar\/web\/wp-content\/uploads\/2024\/05\/img-01.jpg 600w, https:\/\/yesi.com.ar\/web\/wp-content\/uploads\/2024\/05\/img-01-400x300.jpg 400w, https:\/\/yesi.com.ar\/web\/wp-content\/uploads\/2024\/05\/img-01-430x323.jpg 430w, https:\/\/yesi.com.ar\/web\/wp-content\/uploads\/2024\/05\/img-01-150x113.jpg 150w\" sizes=\"(max-width: 600px) 100vw, 600px\" \/>\n\t\t\t\t\t<\/div>\n\t\t[\/vc_column][vc_column width=\u00bb1\/4&#8243;]\t\t<div id=\"wd-6633e64e3ef37\" class=\"wd-image wd-wpb wd-rs-6633e64e3ef37 text-center \">\n\t\t\t\n\t\t\t<img loading=\"lazy\" decoding=\"async\" width=\"600\" height=\"450\" src=\"https:\/\/yesi.com.ar\/web\/wp-content\/uploads\/2024\/05\/img-03.jpg\" class=\"attachment-full size-full\" alt=\"\" srcset=\"https:\/\/yesi.com.ar\/web\/wp-content\/uploads\/2024\/05\/img-03.jpg 600w, https:\/\/yesi.com.ar\/web\/wp-content\/uploads\/2024\/05\/img-03-400x300.jpg 400w, https:\/\/yesi.com.ar\/web\/wp-content\/uploads\/2024\/05\/img-03-430x323.jpg 430w, https:\/\/yesi.com.ar\/web\/wp-content\/uploads\/2024\/05\/img-03-150x113.jpg 150w\" sizes=\"(max-width: 600px) 100vw, 600px\" \/>\n\t\t\t\t\t<\/div>\n\t\t[\/vc_column][vc_column width=\u00bb1\/4&#8243;]\t\t<div id=\"wd-6633e4ae43bd4\" class=\"wd-image wd-wpb wd-rs-6633e4ae43bd4 text-center \">\n\t\t\t\n\t\t\t<img loading=\"lazy\" decoding=\"async\" width=\"600\" height=\"450\" src=\"https:\/\/yesi.com.ar\/web\/wp-content\/uploads\/2024\/05\/img-02.jpg\" class=\"attachment-full size-full\" alt=\"\" srcset=\"https:\/\/yesi.com.ar\/web\/wp-content\/uploads\/2024\/05\/img-02.jpg 600w, https:\/\/yesi.com.ar\/web\/wp-content\/uploads\/2024\/05\/img-02-400x300.jpg 400w, https:\/\/yesi.com.ar\/web\/wp-content\/uploads\/2024\/05\/img-02-430x323.jpg 430w, https:\/\/yesi.com.ar\/web\/wp-content\/uploads\/2024\/05\/img-02-150x113.jpg 150w\" sizes=\"(max-width: 600px) 100vw, 600px\" \/>\n\t\t\t\t\t<\/div>\n\t\t[\/vc_column][\/vc_row][vc_row][vc_column][vc_empty_space height=\u00bb40px\u00bb woodmart_hide_large=\u00bb0&#8243; woodmart_hide_medium=\u00bb0&#8243; woodmart_hide_small=\u00bb0&#8243;][\/vc_column][\/vc_row][vc_row gap=\u00bb35&#8243; equal_height=\u00bbyes\u00bb woodmart_css_id=\u00bb66314541a3ef5&#8243; responsive_spacing=\u00bbeyJwYXJhbV90eXBlIjoid29vZG1hcnRfcmVzcG9uc2l2ZV9zcGFjaW5nIiwic2VsZWN0b3JfaWQiOiI2NjMxNDU0MWEzZWY1Iiwic2hvcnRjb2RlIjoidmNfcm93IiwiZGF0YSI6eyJ0YWJsZXQiOnt9LCJtb2JpbGUiOnt9fX0=\u00bb mobile_bg_img_hidden=\u00bbno\u00bb tablet_bg_img_hidden=\u00bbno\u00bb woodmart_parallax=\u00bb0&#8243; woodmart_gradient_switch=\u00bbno\u00bb woodmart_box_shadow=\u00bbno\u00bb wd_z_index=\u00bbno\u00bb woodmart_disable_overflow=\u00bb0&#8243; row_reverse_mobile=\u00bb0&#8243; row_reverse_tablet=\u00bb0&#8243; el_class=\u00bbpagina-contenido\u00bb][vc_column width=\u00bb1\/2&#8243; css=\u00bb.vc_custom_1714504984687{border-right-width: 1px !important;padding-right: 30px !important;border-right-style: solid !important;border-color: #f2f2f2 !important;}\u00bb woodmart_css_id=\u00bb6631456aabe1a\u00bb parallax_scroll=\u00bbno\u00bb woodmart_sticky_column=\u00bbfalse\u00bb wd_collapsible_content_switcher=\u00bbno\u00bb wd_column_role_offcanvas_desktop=\u00bbno\u00bb wd_column_role_offcanvas_tablet=\u00bbno\u00bb wd_column_role_offcanvas_mobile=\u00bbno\u00bb wd_column_role_content_desktop=\u00bbno\u00bb wd_column_role_content_tablet=\u00bbno\u00bb wd_column_role_content_mobile=\u00bbno\u00bb mobile_bg_img_hidden=\u00bbno\u00bb tablet_bg_img_hidden=\u00bbno\u00bb woodmart_parallax=\u00bb0&#8243; woodmart_box_shadow=\u00bbno\u00bb responsive_spacing=\u00bbeyJwYXJhbV90eXBlIjoid29vZG1hcnRfcmVzcG9uc2l2ZV9zcGFjaW5nIiwic2VsZWN0b3JfaWQiOiI2NjMxNDU2YWFiZTFhIiwic2hvcnRjb2RlIjoidmNfY29sdW1uIiwiZGF0YSI6eyJ0YWJsZXQiOnt9LCJtb2JpbGUiOnt9fX0=\u00bb mobile_reset_margin=\u00bbno\u00bb tablet_reset_margin=\u00bbno\u00bb wd_z_index=\u00bbno\u00bb]\n\t\t<div id=\"wd-663006e52bb8a\" class=\"title-wrapper wd-wpb set-mb-s reset-last-child  wd-rs-663006e52bb8a wd-title-color-default wd-title-style-default text-left  wd-underline-colored\">\n\t\t\t\n\t\t\t<div class=\"liner-continer\">\n\t\t\t\t<h4 class=\"woodmart-title-container title  wd-font-weight-700 wd-fontsize-xxl\" >Nuestra Misi\u00f3n<\/h4>\n\t\t\t\t\t\t\t<\/div>\n\t\t\t\n\t\t\t\t\t\t\t<div class=\"title-after_title  set-cont-mb-s reset-last-child  wd-fontsize-s\">Contamos con m\u00e1s de 300 productos de excelente calidad y durabilidad, agrupados en diferentes l\u00edneas, creadas en funci\u00f3n de los usos y costumbres, que transforman audazmente cada espacio del hogar.<\/div>\n\t\t\t\n\t\t\t\n\t\t<\/div>\n\t\t\n\t\t[\/vc_column][vc_column width=\u00bb1\/2&#8243;]\n\t\t<div id=\"wd-6630072418827\" class=\"title-wrapper wd-wpb set-mb-s reset-last-child  wd-rs-6630072418827 wd-title-color-default wd-title-style-default text-left  wd-underline-colored\">\n\t\t\t\n\t\t\t<div class=\"liner-continer\">\n\t\t\t\t<h4 class=\"woodmart-title-container title  wd-font-weight-700 wd-fontsize-xxl\" >100% Productos nacionales<\/h4>\n\t\t\t\t\t\t\t<\/div>\n\t\t\t\n\t\t\t\t\t\t\t<div class=\"title-after_title  set-cont-mb-s reset-last-child  wd-fontsize-s\">Estamos ubicados estrat\u00e9gicamente en el Ruta del Mercosur, hecho que nos permite satisfacer fuertemente las demandas del mercado. Cada una de nuestras piezas es fabricada con moldes de matricer\u00eda propia, bajo el respaldo de Industrias Profila S.A., comprometida con la inyecci\u00f3n y el soplado de productos pl\u00e1sticos de alta gama para el bazar y la industria en general.<\/div>\n\t\t\t\n\t\t\t\n\t\t<\/div>\n\t\t\n\t\t[\/vc_column][\/vc_row][vc_row][vc_column][vc_empty_space height=\u00bb40px\u00bb woodmart_hide_large=\u00bb0&#8243; woodmart_hide_medium=\u00bb0&#8243; woodmart_hide_small=\u00bb0&#8243;][\/vc_column][\/vc_row][vc_row woodmart_css_id=\u00bb66326d11a6918&#8243; responsive_spacing=\u00bbeyJwYXJhbV90eXBlIjoid29vZG1hcnRfcmVzcG9uc2l2ZV9zcGFjaW5nIiwic2VsZWN0b3JfaWQiOiI2NjMyNmQxMWE2OTE4Iiwic2hvcnRjb2RlIjoidmNfcm93IiwiZGF0YSI6eyJ0YWJsZXQiOnt9LCJtb2JpbGUiOnt9fX0=\u00bb mobile_bg_img_hidden=\u00bbno\u00bb tablet_bg_img_hidden=\u00bbno\u00bb woodmart_parallax=\u00bb0&#8243; woodmart_gradient_switch=\u00bbno\u00bb woodmart_box_shadow=\u00bbno\u00bb wd_z_index=\u00bbno\u00bb woodmart_disable_overflow=\u00bb0&#8243; row_reverse_mobile=\u00bb0&#8243; row_reverse_tablet=\u00bb0&#8243; css=\u00bb.vc_custom_1714580661848{background-position: 0 0 !important;background-repeat: no-repeat !important;}\u00bb][vc_column]<style data-type=\"vc_shortcodes-custom-css\">.vc_custom_1695094778436{margin-bottom: -30px !important;}.vc_custom_1770043018788{background-position: center !important;background-repeat: no-repeat !important;background-size: cover !important;}#wd-6980b69cb1a3d .info-box-inner{line-height:28px;font-size:18px;}<\/style><p>[vc_row woodmart_stretch_content=\"section-stretch-content-no-pd\" woodmart_css_id=\"650917e913606\" responsive_spacing=\"eyJwYXJhbV90eXBlIjoid29vZG1hcnRfcmVzcG9uc2l2ZV9zcGFjaW5nIiwic2VsZWN0b3JfaWQiOiI2NTA5MTdlOTEzNjA2Iiwic2hvcnRjb2RlIjoidmNfcm93IiwiZGF0YSI6eyJ0YWJsZXQiOnt9LCJtb2JpbGUiOnt9fX0=\" mobile_bg_img_hidden=\"no\" tablet_bg_img_hidden=\"no\" woodmart_parallax=\"0\" woodmart_gradient_switch=\"no\" woodmart_box_shadow=\"no\" wd_z_index=\"no\" woodmart_disable_overflow=\"0\" row_reverse_mobile=\"0\" row_reverse_tablet=\"0\" css=\".vc_custom_1695094778436{margin-bottom: -30px !important;}\"][vc_column]\t\t\t<div class=\"info-box-wrapper\">\n\t\t\t\t<div id=\"wd-6980b69cb1a3d\" class=\" wd-rs-6980b69cb1a3d wd-info-box wd-wpb text-center box-icon-align-top box-style- color-scheme-dark wd-bg-none wd-off-anim wpb_animate_when_almost_visible wpb_bounceIn bounceIn wd-anim-name_bounceIn instagram vc_custom_1770043018788\">\n\t\t\t\t\t\t\t\t\t\t\t<div class=\"box-icon-wrapper  box-with-icon box-icon-simple\">\n\t\t\t\t\t\t\t<div class=\"info-box-icon\">\n\n\t\t\t\t\t\t\t\n\t\t\t\t\t\t\t\t\t\t\t\t\t\t\t\t\t<img loading=\"lazy\" decoding=\"async\" width=\"40\" height=\"40\" src=\"https:\/\/yesi.com.ar\/web\/wp-content\/uploads\/2023\/12\/instagram.png\" class=\"attachment-40x40 size-40x40\" alt=\"\" \/>\t\t\t\t\t\t\t\t\t\t\t\t\t\t\t\n\t\t\t\t\t\t\t<\/div>\n\t\t\t\t\t\t<\/div>\n\t\t\t\t\t\t\t\t\t\t<div class=\"info-box-content\">\n\t\t\t\t\t\t<div class=\"info-box-subtitle subtitle-color-default wd-fontsize-xs subtitle-style-default\">Seguinos en Instagram<\/div><h4 class=\"info-box-title title box-title-style-default wd-fontsize-m\">@productosyesi<\/h4>\t\t\t\t\t\t<div class=\"info-box-inner set-cont-mb-s reset-last-child\"><\/div>\n\n\t\t\t\t\t\t\t\t\t\t\t<\/div>\n\n\t\t\t\t\t\t\t\t\t\t\t<a class=\"wd-info-box-link wd-fill\" aria-label=\"Infobox link\" href=\"https:\/\/www.instagram.com\/productosyesi\/\" title=\"\" target=\"_blank\"><\/a>\n\t\t\t\t\t\n\t\t\t\t\t\t\t\t\t<\/div>\n\t\t\t<\/div>\n\t\t\n            <div \n                class=\"elfsight-widget-instagram-feed elfsight-widget\" \n                data-elfsight-instagram-feed-options=\"%7B%22sourceType%22%3A%22personalAccount%22%2C%22apiChangesMessage%22%3Anull%2C%22source%22%3A%5B%5D%2C%22personalAccessToken%22%3A%22294b366d-a9e2-49d9-bf13-13c7bfb279ba%22%2C%22businessAccessToken%22%3A%22%22%2C%22businessAccount%22%3Anull%2C%22businessHashtag%22%3A%22%23eiffeltower%22%2C%22filterOnly%22%3A%5B%5D%2C%22filterExcept%22%3A%5B%5D%2C%22limit%22%3A0%2C%22order%22%3A%22date%22%2C%22layout%22%3A%22slider%22%2C%22postTemplate%22%3A%22tile%22%2C%22columns%22%3A8%2C%22rows%22%3A1%2C%22gutter%22%3A6%2C%22responsive%22%3A%5B%7B%22minWidth%22%3A375%2C%22columns%22%3A1%2C%22rows%22%3A1%2C%22gutter%22%3A%220%22%7D%2C%7B%22minWidth%22%3A768%2C%22columns%22%3A3%2C%22rows%22%3A2%2C%22gutter%22%3A%220%22%7D%5D%2C%22width%22%3A%22auto%22%2C%22callToActionButtons%22%3A%5B%7B%22postUrl%22%3A%22https%3A%5C%2F%5C%2Fwww.instagram.com%5C%2Fp%5C%2FBmr7eH0nyxQ%5C%2F%22%2C%22buttonLabel%22%3A%22Install%20Instagram%20Feed%20now%22%2C%22buttonLink%22%3A%22https%3A%5C%2F%5C%2Felfsight.com%5C%2Finstagram-feed-instashow%5C%2F%22%7D%2C%7B%22postUrl%22%3A%22https%3A%5C%2F%5C%2Fwww.instagram.com%5C%2Fp%5C%2FBmgZy5FnnQB%5C%2F%22%2C%22buttonLabel%22%3A%22Install%20Instagram%20Feed%20now%22%2C%22buttonLink%22%3A%22https%3A%5C%2F%5C%2Felfsight.com%5C%2Finstagram-feed-instashow%5C%2F%22%7D%2C%7B%22postUrl%22%3A%22https%3A%5C%2F%5C%2Fwww.instagram.com%5C%2Fp%5C%2FBmbbCfBndRU%5C%2F%22%2C%22buttonLabel%22%3A%22Install%20Instagram%20Feed%20now%22%2C%22buttonLink%22%3A%22https%3A%5C%2F%5C%2Felfsight.com%5C%2Finstagram-feed-instashow%5C%2F%22%7D%5D%2C%22postElements%22%3A%5B%22user%22%2C%22date%22%2C%22instagramLink%22%2C%22likesCount%22%2C%22commentsCount%22%2C%22share%22%2C%22text%22%5D%2C%22popupElements%22%3A%5B%22user%22%2C%22location%22%2C%22followButton%22%2C%22instagramLink%22%2C%22likesCount%22%2C%22share%22%2C%22text%22%2C%22comments%22%2C%22date%22%5D%2C%22imageClickAction%22%3A%22popup%22%2C%22sliderArrows%22%3Atrue%2C%22sliderDrag%22%3Atrue%2C%22sliderSpeed%22%3A0.6%2C%22sliderAutoplay%22%3A%22%22%2C%22colorScheme%22%3A%22light%22%2C%22colorPostOverlayBg%22%3A%22rgba%28237%2C%20237%2C%20237%2C%200.9%29%22%2C%22colorPostOverlayText%22%3A%22rgb%280%2C%200%2C%200%29%22%2C%22colorPostBg%22%3A%22rgb%28237%2C%20237%2C%20237%29%22%2C%22colorPostText%22%3A%22rgb%280%2C%200%2C%200%29%22%2C%22colorPostLinks%22%3A%22rgb%280%2C%200%2C%200%29%22%2C%22colorSliderArrows%22%3A%22rgb%280%2C%20156%2C%20255%29%22%2C%22colorSliderArrowsBg%22%3A%22rgb%28255%2C%20255%2C%20255%29%22%2C%22colorGridLoadMoreButton%22%3A%22%22%2C%22colorPopupOverlay%22%3A%22rgba%28228%2C%20228%2C%20228%2C%200.9%29%22%2C%22colorPopupBg%22%3A%22rgb%28255%2C%20255%2C%20255%29%22%2C%22colorPopupText%22%3A%22rgb%2868%2C%2068%2C%2068%29%22%2C%22colorPopupLinks%22%3A%22rgb%280%2C%20156%2C%20255%29%22%2C%22colorPopupFollowButton%22%3A%22rgb%280%2C%20156%2C%20255%29%22%2C%22colorPopupCtaButton%22%3A%22rgb%280%2C%20156%2C%20255%29%22%2C%22widgetTitle%22%3A%22%22%2C%22lang%22%3A%22es%22%2C%22apiUrl%22%3A%22https%3A%5C%2F%5C%2Fyesi.com.ar%5C%2Fweb%5C%2Fwp-json%5C%2Felfsight-instagram-feed%5C%2Fapi%22%2C%22apiProxyUrl%22%3A%22https%3A%5C%2F%5C%2Fyesi.com.ar%5C%2Fweb%5C%2Fwp-json%5C%2Felfsight-instagram-feed%22%2C%22widgetId%22%3A%221%22%7D\" \n                data-elfsight-instagram-feed-version=\"4.0.2\"\n                data-elfsight-widget-id=\"elfsight-instagram-feed-1\">\n            <\/div>\n            [\/vc_column][\/vc_row]<\/p>\n[\/vc_column][\/vc_row]<\/p>\n<\/div>","protected":false},"excerpt":{"rendered":"<p>[vc_row gap=\u00bb30&#8243; equal_height=\u00bbyes\u00bb content_placement=\u00bbmiddle\u00bb woodmart_css_id=\u00bb658087a91499c\u00bb responsive_spacing=\u00bbeyJwYXJhbV90eXBlIjoid29vZG1hcnRfcmVzcG9uc2l2ZV9zcGFjaW5nIiwic2VsZWN0b3JfaWQiOiI2NTgwODdhOTE0OTljIiwic2hvcnRjb2RlIjoidmNfcm93IiwiZGF0YSI6eyJ0YWJsZXQiOnt9LCJtb2JpbGUiOnt9fX0=\u00bb mobile_bg_img_hidden=\u00bbno\u00bb tablet_bg_img_hidden=\u00bbno\u00bb woodmart_parallax=\u00bb0&#8243; woodmart_gradient_switch=\u00bbno\u00bb woodmart_box_shadow=\u00bbno\u00bb wd_z_index=\u00bbno\u00bb woodmart_disable_overflow=\u00bb0&#8243; row_reverse_mobile=\u00bb0&#8243; row_reverse_tablet=\u00bb0&#8243; el_class=\u00bbpagina-contenido\u00bb][vc_column width=\u00bb1\/2&#8243;][\/vc_column][vc_column width=\u00bb1\/2&#8243;][vc_separator align=\u00bbalign_left\u00bb el_width=\u00bb50&#8243;<\/p>\n","protected":false},"author":2,"featured_media":0,"parent":0,"menu_order":0,"comment_status":"closed","ping_status":"closed","template":"","meta":{"footnotes":""},"class_list":["post-7102","page","type-page","status-publish","hentry"],"_links":{"self":[{"href":"https:\/\/yesi.com.ar\/web\/wp-json\/wp\/v2\/pages\/7102"}],"collection":[{"href":"https:\/\/yesi.com.ar\/web\/wp-json\/wp\/v2\/pages"}],"about":[{"href":"https:\/\/yesi.com.ar\/web\/wp-json\/wp\/v2\/types\/page"}],"author":[{"embeddable":true,"href":"https:\/\/yesi.com.ar\/web\/wp-json\/wp\/v2\/users\/2"}],"replies":[{"embeddable":true,"href":"https:\/\/yesi.com.ar\/web\/wp-json\/wp\/v2\/comments?post=7102"}],"version-history":[{"count":0,"href":"https:\/\/yesi.com.ar\/web\/wp-json\/wp\/v2\/pages\/7102\/revisions"}],"wp:attachment":[{"href":"https:\/\/yesi.com.ar\/web\/wp-json\/wp\/v2\/media?parent=7102"}],"curies":[{"name":"wp","href":"https:\/\/api.w.org\/{rel}","templated":true}]}}